{"id":3708,"date":"2022-09-12T11:26:46","date_gmt":"2022-09-12T09:26:46","guid":{"rendered":"https:\/\/lagvoid.com\/votre-concert\/"},"modified":"2025-06-30T18:56:25","modified_gmt":"2025-06-30T16:56:25","slug":"votre-concert","status":"publish","type":"page","link":"https:\/\/lagvoid.com\/fr\/votre-concert\/","title":{"rendered":"Votre Concert"},"content":{"rendered":"<div class=\"wpb-content-wrapper\"><p>[vc_row][vc_column][vc_custom_heading text=\u00a0\u00bbLors de votre \u00e9v\u00e8nement, vivez une exp\u00e9rience musicale originale avec LAGVOID.\u00a0\u00bb use_theme_fonts=\u00a0\u00bbyes\u00a0\u00bb css_animation=\u00a0\u00bbbounceInLeft\u00a0\u00bb][vc_empty_space][vc_single_image image=\u00a0\u00bb3878&Prime; img_size=\u00a0\u00bbfull\u00a0\u00bb][vc_empty_space][\/vc_column][\/vc_row][vc_row][vc_column width=\u00a0\u00bb1\/2&Prime;][vc_column_text]Gr\u00e2ce \u00e0 un syst\u00e8me mobile et autonome, je peux venir jouer pour vous en tous lieux, y compris en pleine nature, et sans \u00e9lectricit\u00e9.<br \/>\nGuitare, clavier, chant, instruments \u00e9lectroniques, avec la possibilit\u00e9 d\u2019inclure dans le syst\u00e8me des musiciens invit\u00e9s.<\/p>\n<p>Le spectacle peut, par exemple, commencer par une ambiance d\u00e9tendue pour le d\u00e9but de soir\u00e9e, suivi d&rsquo;une s\u00e9quence d&rsquo;improvisation \u00e9lectro avec ceux des invit\u00e9s qui pratiquent un instrument, puis en terminant par quelques reprises \u00e0 la sauce <span id=\"lagvoid-font\">LAGVOID<\/span> pour lancer une \u00e9ventuelle soir\u00e9e dansante.[\/vc_column_text][\/vc_column][vc_column width=\u00a0\u00bb1\/2&Prime;][vc_column_text css=\u00a0\u00bb\u00a0\u00bb]<iframe loading=\"lazy\" title=\"Lagvoid Live - Chez Yma\" src=\"https:\/\/peertube.lagvoid.com\/videos\/embed\/uZryZ2Lx7BzJAfG82HtXgA\" width=\"560\" height=\"315\" frameborder=\"0\" sandbox=\"allow-same-origin allow-scripts allow-popups allow-forms\" allowfullscreen=\"allowfullscreen\"><\/iframe>[\/vc_column_text][\/vc_column][\/vc_row][vc_row][vc_column][vc_separator color=\u00a0\u00bbcustom\u00a0\u00bb border_width=\u00a0\u00bb2&Prime; accent_color=\u00a0\u00bb#f89027&Prime;][\/vc_column][\/vc_row][vc_row][vc_column width=\u00a0\u00bb1\/2&Prime;][vc_video link=\u00a0\u00bbhttps:\/\/youtu.be\/L-qO2JDIUik\u00a0\u00bb css=\u00a0\u00bb\u00a0\u00bb][\/vc_column][vc_column width=\u00a0\u00bb1\/2&Prime;][vc_column_text]Prestation propos\u00e9e : intervention musicale, avec le syst\u00e8me son complet.<\/p>\n<p><span id=\"lagvoid-font\">LAGVOID<\/span> \u00e9tant d\u00e9tenteur d&rsquo;une licence de spectacle, l&rsquo;achat de cette prestation donnera lieu \u00e0 une simple facture, sans autre d\u00e9marche administrative.[\/vc_column_text][\/vc_column][\/vc_row][vc_row][vc_column][vc_separator color=\u00a0\u00bbcustom\u00a0\u00bb border_width=\u00a0\u00bb2&Prime; accent_color=\u00a0\u00bb#f89027&Prime;][vc_column_text]<strong>Devis personnalis\u00e9 en fonction de vos besoins.<\/strong><\/p>\n<p>&nbsp;<\/p>\n<p>T\u00e9l\u00e9phone <a href=\"&#116;&#x65;&#x6c;&#58;&#x2b;&#x33;&#51;&#x30;&#x36;&#52;&#x37;&#x33;&#55;&#x37;&#x34;&#52;&#x35;\">&#x30;&#54; &#x34;&#55; &#x33;&#55; &#x37;&#x34;&#32;&#x34;&#x35;<\/a><br \/>\n<a href=\"m&#97;&#x69;&#x6c;&#x74;o&#58;&#105;&#x6e;&#x66;o&#64;&#108;&#x61;&#x67;vo&#105;&#x64;&#x2e;&#x63;o&#109;\">&#x45;&#x6d;&#x61;&#x69;&#x6c;&#x20;&#58;&#32;&#105;&#110;fo&#64;l&#x61;&#x67;&#x76;&#x6f;&#x69;&#x64;&#46;&#99;&#111;&#109;<\/a><strong><br \/>\n<\/strong>[\/vc_column_text][vc_separator color=\u00a0\u00bbcustom\u00a0\u00bb border_width=\u00a0\u00bb2&Prime; accent_color=\u00a0\u00bb#f89027&Prime;][vc_video link=\u00a0\u00bbhttps:\/\/www.youtube.com\/watch?v=XbK68q5XemY\u00a0\u00bb][vc_video link=\u00a0\u00bbhttps:\/\/youtu.be\/KH0DR4ITquU\u00a0\u00bb css=\u00a0\u00bb\u00a0\u00bb][\/vc_column][\/vc_row][vc_row][vc_column][vc_separator color=\u00a0\u00bbcustom\u00a0\u00bb border_width=\u00a0\u00bb2&Prime; accent_color=\u00a0\u00bb#f89027&Prime;][vc_column_text]<\/p>\n<p style=\"text-align: center;\">LAGVOID\u00a0\/ 139 rue de Lille 59250 Halluin \/ SIRET 849 313 846 00016 \/ <span style=\"color: #999999;\"><a href=\"&#x74;&#x65;&#108;:&#x2b;&#x33;&#51;06&#x34;&#x37;&#51;7&#x37;&#x34;&#52;&#53;\">&#84;&#101;&#x6c; &#58;&#x20;&#x30;6&#32;&#x34;&#x37; &#51;&#x37; &#55;&#x34;&#x20;4&#53;<\/a> \/ <a href=\"&#x6d;&#x61;&#x69;&#x6c;&#x74;&#x6f;&#x3a;&#105;&#110;&#102;&#111;&#64;lagv&#x6f;&#x69;&#x64;&#x2e;&#x63;&#x6f;&#x6d;\">&#x45;m&#x61;i&#x6c;&#32;&#x3a;&#32;i&#x6e;f&#x6f;&#64;&#x6c;&#97;&#x67;&#118;o&#x69;d&#x2e;&#99;&#x6f;&#109;<\/a><\/span><\/p>\n<p>[\/vc_column_text][\/vc_column][\/vc_row]<\/p>\n<\/div>","protected":false},"excerpt":{"rendered":"<p>[vc_row][vc_column][vc_custom_heading text=\u00a0\u00bbLors de votre \u00e9v\u00e8nement, vivez une exp\u00e9rience musicale originale avec LAGVOID.\u00a0\u00bb use_theme_fonts=\u00a0\u00bbyes\u00a0\u00bb css_animation=\u00a0\u00bbbounceInLeft\u00a0\u00bb][vc_empty_space][vc_single_image image=\u00a0\u00bb3878&Prime; img_size=\u00a0\u00bbfull\u00a0\u00bb][vc_empty_space][\/vc_column][\/vc_row][vc_row][vc_column width=\u00a0\u00bb1\/2&Prime;][vc_column_text]Gr\u00e2ce \u00e0 un syst\u00e8me mobile et autonome, je peux venir jouer pour vous en&hellip;<\/p>\n","protected":false},"author":5432,"featured_media":0,"parent":0,"menu_order":0,"comment_status":"closed","ping_status":"closed","template":"","meta":{"footnotes":""},"class_list":["post-3708","page","type-page","status-publish","hentry","description-off"],"yoast_head":"<!-- This site is optimized with the Yoast SEO plugin v26.6 - https:\/\/yoast.com\/wordpress\/plugins\/seo\/ -->\n<title>Votre Concert - Lagvoid<\/title>\n<meta name=\"robots\" content=\"index, follow, max-snippet:-1, max-image-preview:large, max-video-preview:-1\" \/>\n<link rel=\"canonical\" href=\"https:\/\/lagvoid.com\/fr\/votre-concert\/\" \/>\n<meta property=\"og:locale\" content=\"fr_FR\" \/>\n<meta property=\"og:type\" content=\"article\" \/>\n<meta property=\"og:title\" content=\"Votre Concert - Lagvoid\" \/>\n<meta property=\"og:description\" content=\"[vc_row][vc_column][vc_custom_heading text=\u00a0\u00bbLors de votre \u00e9v\u00e8nement, vivez une exp\u00e9rience musicale originale avec LAGVOID.\u00a0\u00bb use_theme_fonts=\u00a0\u00bbyes\u00a0\u00bb css_animation=\u00a0\u00bbbounceInLeft\u00a0\u00bb][vc_empty_space][vc_single_image image=\u00a0\u00bb3878&Prime; img_size=\u00a0\u00bbfull\u00a0\u00bb][vc_empty_space][\/vc_column][\/vc_row][vc_row][vc_column width=\u00a0\u00bb1\/2&Prime;][vc_column_text]Gr\u00e2ce \u00e0 un syst\u00e8me mobile et autonome, je peux venir jouer pour vous en&hellip;\" \/>\n<meta property=\"og:url\" content=\"https:\/\/lagvoid.com\/fr\/votre-concert\/\" \/>\n<meta property=\"og:site_name\" content=\"Lagvoid\" \/>\n<meta property=\"article:modified_time\" content=\"2025-06-30T16:56:25+00:00\" \/>\n<meta name=\"twitter:card\" content=\"summary_large_image\" \/>\n<meta name=\"twitter:label1\" content=\"Dur\u00e9e de lecture estim\u00e9e\" \/>\n\t<meta name=\"twitter:data1\" content=\"2 minutes\" \/>\n<script type=\"application\/ld+json\" class=\"yoast-schema-graph\">{\"@context\":\"https:\/\/schema.org\",\"@graph\":[{\"@type\":\"WebPage\",\"@id\":\"https:\/\/lagvoid.com\/fr\/votre-concert\/\",\"url\":\"https:\/\/lagvoid.com\/fr\/votre-concert\/\",\"name\":\"Votre Concert - Lagvoid\",\"isPartOf\":{\"@id\":\"https:\/\/lagvoid.com\/#website\"},\"datePublished\":\"2022-09-12T09:26:46+00:00\",\"dateModified\":\"2025-06-30T16:56:25+00:00\",\"breadcrumb\":{\"@id\":\"https:\/\/lagvoid.com\/fr\/votre-concert\/#breadcrumb\"},\"inLanguage\":\"fr-FR\",\"potentialAction\":[{\"@type\":\"ReadAction\",\"target\":[\"https:\/\/lagvoid.com\/fr\/votre-concert\/\"]}]},{\"@type\":\"BreadcrumbList\",\"@id\":\"https:\/\/lagvoid.com\/fr\/votre-concert\/#breadcrumb\",\"itemListElement\":[{\"@type\":\"ListItem\",\"position\":1,\"name\":\"Home\",\"item\":\"https:\/\/lagvoid.com\/fr\/\"},{\"@type\":\"ListItem\",\"position\":2,\"name\":\"Votre Concert\"}]},{\"@type\":\"WebSite\",\"@id\":\"https:\/\/lagvoid.com\/#website\",\"url\":\"https:\/\/lagvoid.com\/\",\"name\":\"Lagvoid\",\"description\":\"human play first\",\"potentialAction\":[{\"@type\":\"SearchAction\",\"target\":{\"@type\":\"EntryPoint\",\"urlTemplate\":\"https:\/\/lagvoid.com\/?s={search_term_string}\"},\"query-input\":{\"@type\":\"PropertyValueSpecification\",\"valueRequired\":true,\"valueName\":\"search_term_string\"}}],\"inLanguage\":\"fr-FR\"}]}<\/script>\n<!-- \/ Yoast SEO plugin. -->","yoast_head_json":{"title":"Votre Concert - Lagvoid","robots":{"index":"index","follow":"follow","max-snippet":"max-snippet:-1","max-image-preview":"max-image-preview:large","max-video-preview":"max-video-preview:-1"},"canonical":"https:\/\/lagvoid.com\/fr\/votre-concert\/","og_locale":"fr_FR","og_type":"article","og_title":"Votre Concert - Lagvoid","og_description":"[vc_row][vc_column][vc_custom_heading text=\u00a0\u00bbLors de votre \u00e9v\u00e8nement, vivez une exp\u00e9rience musicale originale avec LAGVOID.\u00a0\u00bb use_theme_fonts=\u00a0\u00bbyes\u00a0\u00bb css_animation=\u00a0\u00bbbounceInLeft\u00a0\u00bb][vc_empty_space][vc_single_image image=\u00a0\u00bb3878&Prime; img_size=\u00a0\u00bbfull\u00a0\u00bb][vc_empty_space][\/vc_column][\/vc_row][vc_row][vc_column width=\u00a0\u00bb1\/2&Prime;][vc_column_text]Gr\u00e2ce \u00e0 un syst\u00e8me mobile et autonome, je peux venir jouer pour vous en&hellip;","og_url":"https:\/\/lagvoid.com\/fr\/votre-concert\/","og_site_name":"Lagvoid","article_modified_time":"2025-06-30T16:56:25+00:00","twitter_card":"summary_large_image","twitter_misc":{"Dur\u00e9e de lecture estim\u00e9e":"2 minutes"},"schema":{"@context":"https:\/\/schema.org","@graph":[{"@type":"WebPage","@id":"https:\/\/lagvoid.com\/fr\/votre-concert\/","url":"https:\/\/lagvoid.com\/fr\/votre-concert\/","name":"Votre Concert - Lagvoid","isPartOf":{"@id":"https:\/\/lagvoid.com\/#website"},"datePublished":"2022-09-12T09:26:46+00:00","dateModified":"2025-06-30T16:56:25+00:00","breadcrumb":{"@id":"https:\/\/lagvoid.com\/fr\/votre-concert\/#breadcrumb"},"inLanguage":"fr-FR","potentialAction":[{"@type":"ReadAction","target":["https:\/\/lagvoid.com\/fr\/votre-concert\/"]}]},{"@type":"BreadcrumbList","@id":"https:\/\/lagvoid.com\/fr\/votre-concert\/#breadcrumb","itemListElement":[{"@type":"ListItem","position":1,"name":"Home","item":"https:\/\/lagvoid.com\/fr\/"},{"@type":"ListItem","position":2,"name":"Votre Concert"}]},{"@type":"WebSite","@id":"https:\/\/lagvoid.com\/#website","url":"https:\/\/lagvoid.com\/","name":"Lagvoid","description":"human play first","potentialAction":[{"@type":"SearchAction","target":{"@type":"EntryPoint","urlTemplate":"https:\/\/lagvoid.com\/?s={search_term_string}"},"query-input":{"@type":"PropertyValueSpecification","valueRequired":true,"valueName":"search_term_string"}}],"inLanguage":"fr-FR"}]}},"_links":{"self":[{"href":"https:\/\/lagvoid.com\/fr\/wp-json\/wp\/v2\/pages\/3708","targetHints":{"allow":["GET"]}}],"collection":[{"href":"https:\/\/lagvoid.com\/fr\/wp-json\/wp\/v2\/pages"}],"about":[{"href":"https:\/\/lagvoid.com\/fr\/wp-json\/wp\/v2\/types\/page"}],"author":[{"embeddable":true,"href":"https:\/\/lagvoid.com\/fr\/wp-json\/wp\/v2\/users\/5432"}],"replies":[{"embeddable":true,"href":"https:\/\/lagvoid.com\/fr\/wp-json\/wp\/v2\/comments?post=3708"}],"version-history":[{"count":4,"href":"https:\/\/lagvoid.com\/fr\/wp-json\/wp\/v2\/pages\/3708\/revisions"}],"predecessor-version":[{"id":4562,"href":"https:\/\/lagvoid.com\/fr\/wp-json\/wp\/v2\/pages\/3708\/revisions\/4562"}],"wp:attachment":[{"href":"https:\/\/lagvoid.com\/fr\/wp-json\/wp\/v2\/media?parent=3708"}],"curies":[{"name":"wp","href":"https:\/\/api.w.org\/{rel}","templated":true}]}}