{"id":2405,"date":"2019-04-22T10:46:02","date_gmt":"2019-04-22T08:46:02","guid":{"rendered":"https:\/\/lagvoid.com\/lagvoid-script-looper\/"},"modified":"2025-11-14T02:20:08","modified_gmt":"2025-11-14T01:20:08","slug":"lagvoid-script-looper","status":"publish","type":"page","link":"https:\/\/lagvoid.com\/fr\/lagvoid-script-looper\/","title":{"rendered":"LAGVOID &#8211; Script Looper"},"content":{"rendered":"<div class=\"wpb-content-wrapper\"><p>[vc_row][vc_column][vc_single_image image=\u00a0\u00bb1803&Prime; img_size=\u00a0\u00bbfull\u00a0\u00bb alignment=\u00a0\u00bbcenter\u00a0\u00bb css_animation=\u00a0\u00bbslideInUp\u00a0\u00bb][\/vc_column][\/vc_row][vc_row][vc_column width=\u00a0\u00bb1\/3&Prime;][vc_icon icon_fontawesome=\u00a0\u00bbfa fa-laptop\u00a0\u00bb color=\u00a0\u00bbcustom\u00a0\u00bb align=\u00a0\u00bbcenter\u00a0\u00bb custom_color=\u00a0\u00bb#67748c\u00a0\u00bb][vc_text_separator title=\u00a0\u00bbMIDICLOCK\u00a0\u00bb color=\u00a0\u00bbcustom\u00a0\u00bb style=\u00a0\u00bbdouble\u00a0\u00bb border_width=\u00a0\u00bb3&Prime; css_animation=\u00a0\u00bbbounceInLeft\u00a0\u00bb accent_color=\u00a0\u00bb#67748c\u00a0\u00bb][vc_column_text]LAGVOID EST UN LOOPER CONCU POUR SYNCHRONISER TOUT SEQUENCEUR HARDWARE OU SOFTWARE SUR VOS BOUCLES[\/vc_column_text][\/vc_column][vc_column width=\u00a0\u00bb1\/3&Prime;][vc_icon icon_fontawesome=\u00a0\u00bbfa fa-code\u00a0\u00bb color=\u00a0\u00bbcustom\u00a0\u00bb align=\u00a0\u00bbcenter\u00a0\u00bb custom_color=\u00a0\u00bb#67748c\u00a0\u00bb][vc_text_separator title=\u00a0\u00bbPAS DE LAG\u00a0\u00bb color=\u00a0\u00bbcustom\u00a0\u00bb style=\u00a0\u00bbdouble\u00a0\u00bb border_width=\u00a0\u00bb3&Prime; css_animation=\u00a0\u00bbbounceInLeft\u00a0\u00bb accent_color=\u00a0\u00bb#67748c\u00a0\u00bb][vc_column_text]LAGVOID COMPENSE LE TEMPS DE PROPAGATION DU SIGNAL AUDIO DU A VOTRE MATERIEL, VOUS POUVEZ DONC UTILISER L&rsquo;ENTREE MINIJACK OU VOTRE MICROPHONE INTEGRE[\/vc_column_text][\/vc_column][vc_column width=\u00a0\u00bb1\/3&Prime;][vc_icon icon_fontawesome=\u00a0\u00bbfa fa-heart\u00a0\u00bb color=\u00a0\u00bbcustom\u00a0\u00bb align=\u00a0\u00bbcenter\u00a0\u00bb custom_color=\u00a0\u00bb#67748c\u00a0\u00bb][vc_text_separator title=\u00a0\u00bbSCRIPTABLE\u00a0\u00bb color=\u00a0\u00bbcustom\u00a0\u00bb style=\u00a0\u00bbdouble\u00a0\u00bb border_width=\u00a0\u00bb3&Prime; css_animation=\u00a0\u00bbbounceInLeft\u00a0\u00bb accent_color=\u00a0\u00bb#67748c\u00a0\u00bb][vc_column_text]LAGVOID COMPORTE UN SEQUENCEUR DE SCRIPT, DONC VOUS POUVEZ DECLENCHER TOUTES VOS COMMANDES AVEC UNE SEULE PEDALE[\/vc_column_text][\/vc_column][\/vc_row][vc_row][vc_column][vc_column_text css=\u00a0\u00bb\u00a0\u00bb](Mise \u00e0 jour de juillet 2025)<\/p>\n<p>Bonjour,<\/p>\n<p>Je m&rsquo;appelle Fred Malle, je suis musicien, et j&rsquo;ai d\u00e9velopp\u00e9 <span id=\"lagvoid-font\">LAGVOID<\/span> depuis 2007 pour les diff\u00e9rents projets auxquels j&rsquo;ai particip\u00e9, principallement de la musique improvis\u00e9e et des spectacles de danse contemporaine. Lors d&rsquo;un spectacle, Il faut parfois caler une bande son sur un rythme venant de sc\u00e8ne.. Pour cela, un looper qui g\u00e9n\u00e8re un MIDIclock semble \u00eatre une solution.<br \/>\nMais dans le contexte d&rsquo;une dramaturgie, certaines \u201cs\u00e9curit\u00e9s\u201d se sont av\u00e9r\u00e9es n\u00e9cessaires, que j&rsquo;ai d\u00e9velopp\u00e9 sous <a href=\"https:\/\/cycling74.com\/\" target=\"_blank\" rel=\"noopener noreferrer\">Max<\/a> :<br \/>\n&#8211; la possibilit\u00e9 de modifier le d\u00e9but et la fin de la boucle sans arr\u00eater la musique<br \/>\n&#8211; la possibilit\u00e9 de faire \u201cglisser\u201d le MIDIclock par rapport \u00e0 la boucle, pour un effet de groove ou d&rsquo;une valeur rythmique<br \/>\n&#8211; pouvoir compenser ou cr\u00e9er des retards sur le signal (lags)<br \/>\n&#8211; avoir des fonctions de transport adapt\u00e9es au contexte MIDI<br \/>\n&#8211; \u00eatre utilisable avec un \u00e9cran tactile<br \/>\nInspir\u00e9 des consoles lumi\u00e8res, le script-sequenceur peut lancer des ensembles de commandes avec un seul bouton GO<\/p>\n<p>En 2014, j&rsquo;ai publi\u00e9 une version de <span id=\"lagvoid-font\">LAGVOID<\/span> utilisable sans connaitre <a href=\"https:\/\/cycling74.com\/\" target=\"_blank\" rel=\"noopener noreferrer\">Max<\/a>.Si cette approche vous int\u00e9resse, voici donc Lagvoid 1.27 .<br \/>\n<span id=\"lagvoid-font\">LAGVOID<\/span> est un freeware que vous pouvez utiliser sans limitation.<br \/>\nIl y une s\u00e9rie de tutoriaux toujours valables, et je r\u00e9pondrai avec plaisir \u00e0 vos questions \u00e0 l&rsquo;adresse <a href=\"mailto:info&#64;&#108;&#97;&#103;&#118;&#111;&#105;&#100;&#46;&#99;&#111;&#109;\" target=\"_blank\" rel=\"noopener\">&#105;&#x6e;f&#x6f;&#64;&#108;&#x61;&#103;&#x76;o&#105;&#x64;&#46;&#x63;o&#x6d;<\/a> ou sur le <a href=\"https:\/\/m7v.it\/discord-lagvoid\" target=\"_blank\" rel=\"noopener\">discord de Lagvoid<\/a> .[\/vc_column_text][vc_text_separator title=\u00a0\u00bbRESUME\u00a0\u00bb i_icon_fontawesome=\u00a0\u00bbfa fa-fire\u00a0\u00bb i_color=\u00a0\u00bbcustom\u00a0\u00bb i_background_style=\u00a0\u00bbrounded\u00a0\u00bb i_background_color=\u00a0\u00bbcustom\u00a0\u00bb i_size=\u00a0\u00bbxs\u00a0\u00bb color=\u00a0\u00bbcustom\u00a0\u00bb style=\u00a0\u00bbdouble\u00a0\u00bb border_width=\u00a0\u00bb3&Prime; css_animation=\u00a0\u00bbbounceInLeft\u00a0\u00bb add_icon=\u00a0\u00bbtrue\u00a0\u00bb i_custom_color=\u00a0\u00bb#f89027&Prime; i_custom_background_color=\u00a0\u00bb#67748c\u00a0\u00bb accent_color=\u00a0\u00bb#67748c\u00a0\u00bb][vc_column_text]<span id=\"lagvoid-font\">LAGVOID<\/span> a \u00e9t\u00e9 con\u00e7u pour jouer avec des machines sans avoir besoin de clic.<br \/>\n<b><span id=\"lagvoid-font\">LAGVOID<\/span><\/b> est donc con\u00e7u pour les performances live.<br \/>\n<b><span id=\"lagvoid-font\">LAGVOID<\/span><\/b> cr\u00e9e un signal MIDIclock esclave d&rsquo;une boucle principale, editable sans arr\u00eater de jouer.<br \/>\nCe signal MIDIclock et des fonctions de transport MIDI peuvent \u00eatre envoy\u00e9es \u00e0 tout dispositif compatible MIDIclock, comme Ableton Live, les sampleurs, s\u00e9quenceurs, effets, etc&#8230;<\/p>\n<p>L&rsquo;utilisation d&rsquo;une seule p\u00e9dale est possible gr\u00e2ce au s\u00e9quenceur de script inclus, qui permet d&rsquo;envoyer 500 lignes de commande sans toucher l&rsquo;ordinateur.<\/p>\n<p><b><span id=\"lagvoid-font\">LAGVOID<\/span><\/b> permet de boucler tout type d&rsquo;entr\u00e9e audio, car il compense les d\u00e9fauts (hardware, driver) de vos dispositifs audio.<br \/>\nDonc l&rsquo;entr\u00e9e minijack de votre tablette Mac ou Windows peut servir comme looper.[\/vc_column_text][\/vc_column][\/vc_row][vc_row][vc_column][vc_text_separator title=\u00a0\u00bbTELECHARGEMENT\u00a0\u00bb i_icon_fontawesome=\u00a0\u00bbfa fa-download\u00a0\u00bb i_color=\u00a0\u00bbcustom\u00a0\u00bb i_background_style=\u00a0\u00bbrounded\u00a0\u00bb i_background_color=\u00a0\u00bbcustom\u00a0\u00bb i_size=\u00a0\u00bbxs\u00a0\u00bb color=\u00a0\u00bbcustom\u00a0\u00bb style=\u00a0\u00bbdouble\u00a0\u00bb border_width=\u00a0\u00bb4&Prime; css_animation=\u00a0\u00bbbounceInLeft\u00a0\u00bb add_icon=\u00a0\u00bbtrue\u00a0\u00bb i_custom_color=\u00a0\u00bb#f89027&Prime; i_custom_background_color=\u00a0\u00bb#67748c\u00a0\u00bb accent_color=\u00a0\u00bb#67748c\u00a0\u00bb][vc_column_text css=\u00a0\u00bb\u00a0\u00bb]Vous pouvez t\u00e9l\u00e9charger <span id=\"lagvoid-font\">LAGVOID<\/span> gratuitement sur cette <a href=\"https:\/\/lagvoid.com\/fr\/telechargements\/\">page<\/a>.<br \/>\nLe logiciel est complet (pas de restrictions ni de limitations).<br \/>\nLa documentation est sur cette m\u00eame page.[\/vc_column_text][vc_text_separator title=\u00a0\u00bbTUTORIELS VIDEO\u00a0\u00bb i_icon_fontawesome=\u00a0\u00bbfa fa-graduation-cap\u00a0\u00bb i_color=\u00a0\u00bbcustom\u00a0\u00bb i_background_style=\u00a0\u00bbrounded\u00a0\u00bb i_background_color=\u00a0\u00bbcustom\u00a0\u00bb i_size=\u00a0\u00bbxs\u00a0\u00bb color=\u00a0\u00bbcustom\u00a0\u00bb style=\u00a0\u00bbdouble\u00a0\u00bb border_width=\u00a0\u00bb4&Prime; css_animation=\u00a0\u00bbbounceInLeft\u00a0\u00bb add_icon=\u00a0\u00bbtrue\u00a0\u00bb i_custom_color=\u00a0\u00bb#f89027&Prime; i_custom_background_color=\u00a0\u00bb#67748c\u00a0\u00bb accent_color=\u00a0\u00bb#67748c\u00a0\u00bb][vc_column_text]Vous trouverez les tutoriaux <span id=\"lagvoid-font\">LAGVOID<\/span> <a href=\"https:\/\/lagvoid.com\/fr\/lagvoid-tutorials\/\">ici<\/a>[\/vc_column_text][vc_text_separator title=\u00a0\u00bbFAQ\u00a0\u00bb i_icon_fontawesome=\u00a0\u00bbfa fa-question\u00a0\u00bb i_color=\u00a0\u00bbcustom\u00a0\u00bb i_background_style=\u00a0\u00bbrounded\u00a0\u00bb i_background_color=\u00a0\u00bbcustom\u00a0\u00bb i_size=\u00a0\u00bbxs\u00a0\u00bb color=\u00a0\u00bbcustom\u00a0\u00bb style=\u00a0\u00bbdouble\u00a0\u00bb border_width=\u00a0\u00bb4&Prime; css_animation=\u00a0\u00bbbounceInLeft\u00a0\u00bb add_icon=\u00a0\u00bbtrue\u00a0\u00bb i_custom_color=\u00a0\u00bb#f89027&Prime; i_custom_background_color=\u00a0\u00bb#67748c\u00a0\u00bb accent_color=\u00a0\u00bb#67748c\u00a0\u00bb][vc_column_text]Vous pourrez trouver la documentation de <span id=\"lagvoid-font\">LAGVOID<\/span> <a href=\"https:\/\/support.lagvoid.com\/knowledge-base\/\" target=\"_blank\" rel=\"noopener noreferrer\">ici<\/a>[\/vc_column_text][vc_text_separator title=\u00a0\u00bbVOUS ETES PROGRAMMEUR ? VOUS AIMEZ LE CONCEPT ?\u00a0\u00bb i_icon_fontawesome=\u00a0\u00bbfa fa-puzzle-piece\u00a0\u00bb i_color=\u00a0\u00bbcustom\u00a0\u00bb i_background_style=\u00a0\u00bbrounded\u00a0\u00bb i_background_color=\u00a0\u00bbcustom\u00a0\u00bb i_size=\u00a0\u00bbxs\u00a0\u00bb color=\u00a0\u00bbcustom\u00a0\u00bb style=\u00a0\u00bbdouble\u00a0\u00bb border_width=\u00a0\u00bb4&Prime; css_animation=\u00a0\u00bbbounceInLeft\u00a0\u00bb add_icon=\u00a0\u00bbtrue\u00a0\u00bb i_custom_color=\u00a0\u00bb#f89027&Prime; i_custom_background_color=\u00a0\u00bb#67748c\u00a0\u00bb accent_color=\u00a0\u00bb#67748c\u00a0\u00bb][vc_column_text css=\u00a0\u00bb\u00a0\u00bb]\u00a0\u00bbBien que Lagvoid soit tr\u00e8s stable depuis 2012, j&rsquo;ai esp\u00e9r\u00e9 le programme ou une p\u00e9dale hardware qui respecterait les crit\u00e8res pr\u00e9c\u00e9demment cit\u00e9s sans \u00eatre un patch Max.<br \/>\nJe n&rsquo;ai pas encore trouv\u00e9 ce que je cherche, et je publie <span id=\"lagvoid-font\">LAGVOID<\/span> pour promouvoir une autre mani\u00e8re d&rsquo;interagir entre des musiciens comme moi (orient\u00e9 \u00ab\u00a0machine\u00a0\u00bb), et des musiciens acoustiques. Et ils aiment \u00e7a !<br \/>\nDonc si vous connaissez une solution existante, ou si vous voulez utiliser mon travail pour faire quelque chose de mieux, contactez moi \u00e0 l&rsquo;adresse <a href=\"m&#97;&#105;&#x6c;&#x74;&#x6f;:c&#111;&#110;&#x74;&#x61;&#x63;t&#64;&#108;&#97;&#x67;&#x76;&#x6f;i&#100;&#46;&#x63;&#x6f;&#x6d;\" target=\"_blank\" rel=\"noopener\">&#x69;n&#x66;&#111;&#x40;&#108;&#x61;&#x67;v&#x6f;&#105;&#x64;&#46;&#x63;&#111;m<\/a> .<\/p>\n<p>Cordialement,<\/p>\n<p>Fred[\/vc_column_text][\/vc_column][\/vc_row][vc_row][vc_column][vc_text_separator title=\u00a0\u00bbManifeste HUMAN PLAY FIRST\u00a0\u00bb i_icon_fontawesome=\u00a0\u00bbfa fa-play\u00a0\u00bb i_color=\u00a0\u00bbcustom\u00a0\u00bb i_background_style=\u00a0\u00bbrounded\u00a0\u00bb i_background_color=\u00a0\u00bbcustom\u00a0\u00bb i_size=\u00a0\u00bbxs\u00a0\u00bb color=\u00a0\u00bbcustom\u00a0\u00bb style=\u00a0\u00bbdouble\u00a0\u00bb border_width=\u00a0\u00bb4&Prime; css_animation=\u00a0\u00bbbounceInLeft\u00a0\u00bb css=\u00a0\u00bb\u00a0\u00bb add_icon=\u00a0\u00bbtrue\u00a0\u00bb i_custom_color=\u00a0\u00bb#f89027&Prime; i_custom_background_color=\u00a0\u00bb#67748c\u00a0\u00bb accent_color=\u00a0\u00bb#67748c\u00a0\u00bb][vc_video link=\u00a0\u00bbhttps:\/\/www.youtube.com\/watch?v=3k57ZZoYysI\u00a0\u00bb css=\u00a0\u00bb\u00a0\u00bb][\/vc_column][\/vc_row]<\/p>\n<\/div>","protected":false},"excerpt":{"rendered":"<p>[vc_row][vc_column][vc_single_image image=\u00a0\u00bb1803&Prime; img_size=\u00a0\u00bbfull\u00a0\u00bb alignment=\u00a0\u00bbcenter\u00a0\u00bb css_animation=\u00a0\u00bbslideInUp\u00a0\u00bb][\/vc_column][\/vc_row][vc_row][vc_column width=\u00a0\u00bb1\/3&Prime;][vc_icon icon_fontawesome=\u00a0\u00bbfa fa-laptop\u00a0\u00bb color=\u00a0\u00bbcustom\u00a0\u00bb align=\u00a0\u00bbcenter\u00a0\u00bb custom_color=\u00a0\u00bb#67748c\u00a0\u00bb][vc_text_separator title=\u00a0\u00bbMIDICLOCK\u00a0\u00bb color=\u00a0\u00bbcustom\u00a0\u00bb style=\u00a0\u00bbdouble\u00a0\u00bb border_width=\u00a0\u00bb3&Prime; css_animation=\u00a0\u00bbbounceInLeft\u00a0\u00bb accent_color=\u00a0\u00bb#67748c\u00a0\u00bb][vc_column_text]LAGVOID EST UN LOOPER CONCU POUR SYNCHRONISER TOUT SEQUENCEUR HARDWARE OU SOFTWARE SUR VOS&hellip;<\/p>\n","protected":false},"author":5432,"featured_media":0,"parent":0,"menu_order":0,"comment_status":"closed","ping_status":"closed","template":"","meta":{"footnotes":""},"class_list":["post-2405","page","type-page","status-publish","hentry","description-off"],"yoast_head":"<!-- This site is optimized with the Yoast SEO plugin v26.6 - https:\/\/yoast.com\/wordpress\/plugins\/seo\/ -->\n<title>LAGVOID - Script Looper - Lagvoid<\/title>\n<meta name=\"robots\" content=\"index, follow, max-snippet:-1, max-image-preview:large, max-video-preview:-1\" \/>\n<link rel=\"canonical\" href=\"https:\/\/lagvoid.com\/fr\/lagvoid-script-looper\/\" \/>\n<meta property=\"og:locale\" content=\"fr_FR\" \/>\n<meta property=\"og:type\" content=\"article\" \/>\n<meta property=\"og:title\" content=\"LAGVOID - Script Looper - Lagvoid\" \/>\n<meta property=\"og:description\" content=\"[vc_row][vc_column][vc_single_image image=\u00a0\u00bb1803&Prime; img_size=\u00a0\u00bbfull\u00a0\u00bb alignment=\u00a0\u00bbcenter\u00a0\u00bb css_animation=\u00a0\u00bbslideInUp\u00a0\u00bb][\/vc_column][\/vc_row][vc_row][vc_column width=\u00a0\u00bb1\/3&Prime;][vc_icon icon_fontawesome=\u00a0\u00bbfa fa-laptop\u00a0\u00bb color=\u00a0\u00bbcustom\u00a0\u00bb align=\u00a0\u00bbcenter\u00a0\u00bb custom_color=\u00a0\u00bb#67748c\u00a0\u00bb][vc_text_separator title=\u00a0\u00bbMIDICLOCK\u00a0\u00bb color=\u00a0\u00bbcustom\u00a0\u00bb style=\u00a0\u00bbdouble\u00a0\u00bb border_width=\u00a0\u00bb3&Prime; css_animation=\u00a0\u00bbbounceInLeft\u00a0\u00bb accent_color=\u00a0\u00bb#67748c\u00a0\u00bb][vc_column_text]LAGVOID EST UN LOOPER CONCU POUR SYNCHRONISER TOUT SEQUENCEUR HARDWARE OU SOFTWARE SUR VOS&hellip;\" \/>\n<meta property=\"og:url\" content=\"https:\/\/lagvoid.com\/fr\/lagvoid-script-looper\/\" \/>\n<meta property=\"og:site_name\" content=\"Lagvoid\" \/>\n<meta property=\"article:modified_time\" content=\"2025-11-14T01:20:08+00:00\" \/>\n<meta name=\"twitter:card\" content=\"summary_large_image\" \/>\n<meta name=\"twitter:label1\" content=\"Dur\u00e9e de lecture estim\u00e9e\" \/>\n\t<meta name=\"twitter:data1\" content=\"4 minutes\" \/>\n<script type=\"application\/ld+json\" class=\"yoast-schema-graph\">{\"@context\":\"https:\/\/schema.org\",\"@graph\":[{\"@type\":\"WebPage\",\"@id\":\"https:\/\/lagvoid.com\/fr\/lagvoid-script-looper\/\",\"url\":\"https:\/\/lagvoid.com\/fr\/lagvoid-script-looper\/\",\"name\":\"LAGVOID - Script Looper - Lagvoid\",\"isPartOf\":{\"@id\":\"https:\/\/lagvoid.com\/#website\"},\"datePublished\":\"2019-04-22T08:46:02+00:00\",\"dateModified\":\"2025-11-14T01:20:08+00:00\",\"breadcrumb\":{\"@id\":\"https:\/\/lagvoid.com\/fr\/lagvoid-script-looper\/#breadcrumb\"},\"inLanguage\":\"fr-FR\",\"potentialAction\":[{\"@type\":\"ReadAction\",\"target\":[\"https:\/\/lagvoid.com\/fr\/lagvoid-script-looper\/\"]}]},{\"@type\":\"BreadcrumbList\",\"@id\":\"https:\/\/lagvoid.com\/fr\/lagvoid-script-looper\/#breadcrumb\",\"itemListElement\":[{\"@type\":\"ListItem\",\"position\":1,\"name\":\"Home\",\"item\":\"https:\/\/lagvoid.com\/fr\/\"},{\"@type\":\"ListItem\",\"position\":2,\"name\":\"LAGVOID &#8211; Script Looper\"}]},{\"@type\":\"WebSite\",\"@id\":\"https:\/\/lagvoid.com\/#website\",\"url\":\"https:\/\/lagvoid.com\/\",\"name\":\"Lagvoid\",\"description\":\"human play first\",\"potentialAction\":[{\"@type\":\"SearchAction\",\"target\":{\"@type\":\"EntryPoint\",\"urlTemplate\":\"https:\/\/lagvoid.com\/?s={search_term_string}\"},\"query-input\":{\"@type\":\"PropertyValueSpecification\",\"valueRequired\":true,\"valueName\":\"search_term_string\"}}],\"inLanguage\":\"fr-FR\"}]}<\/script>\n<!-- \/ Yoast SEO plugin. -->","yoast_head_json":{"title":"LAGVOID - Script Looper - Lagvoid","robots":{"index":"index","follow":"follow","max-snippet":"max-snippet:-1","max-image-preview":"max-image-preview:large","max-video-preview":"max-video-preview:-1"},"canonical":"https:\/\/lagvoid.com\/fr\/lagvoid-script-looper\/","og_locale":"fr_FR","og_type":"article","og_title":"LAGVOID - Script Looper - Lagvoid","og_description":"[vc_row][vc_column][vc_single_image image=\u00a0\u00bb1803&Prime; img_size=\u00a0\u00bbfull\u00a0\u00bb alignment=\u00a0\u00bbcenter\u00a0\u00bb css_animation=\u00a0\u00bbslideInUp\u00a0\u00bb][\/vc_column][\/vc_row][vc_row][vc_column width=\u00a0\u00bb1\/3&Prime;][vc_icon icon_fontawesome=\u00a0\u00bbfa fa-laptop\u00a0\u00bb color=\u00a0\u00bbcustom\u00a0\u00bb align=\u00a0\u00bbcenter\u00a0\u00bb custom_color=\u00a0\u00bb#67748c\u00a0\u00bb][vc_text_separator title=\u00a0\u00bbMIDICLOCK\u00a0\u00bb color=\u00a0\u00bbcustom\u00a0\u00bb style=\u00a0\u00bbdouble\u00a0\u00bb border_width=\u00a0\u00bb3&Prime; css_animation=\u00a0\u00bbbounceInLeft\u00a0\u00bb accent_color=\u00a0\u00bb#67748c\u00a0\u00bb][vc_column_text]LAGVOID EST UN LOOPER CONCU POUR SYNCHRONISER TOUT SEQUENCEUR HARDWARE OU SOFTWARE SUR VOS&hellip;","og_url":"https:\/\/lagvoid.com\/fr\/lagvoid-script-looper\/","og_site_name":"Lagvoid","article_modified_time":"2025-11-14T01:20:08+00:00","twitter_card":"summary_large_image","twitter_misc":{"Dur\u00e9e de lecture estim\u00e9e":"4 minutes"},"schema":{"@context":"https:\/\/schema.org","@graph":[{"@type":"WebPage","@id":"https:\/\/lagvoid.com\/fr\/lagvoid-script-looper\/","url":"https:\/\/lagvoid.com\/fr\/lagvoid-script-looper\/","name":"LAGVOID - Script Looper - Lagvoid","isPartOf":{"@id":"https:\/\/lagvoid.com\/#website"},"datePublished":"2019-04-22T08:46:02+00:00","dateModified":"2025-11-14T01:20:08+00:00","breadcrumb":{"@id":"https:\/\/lagvoid.com\/fr\/lagvoid-script-looper\/#breadcrumb"},"inLanguage":"fr-FR","potentialAction":[{"@type":"ReadAction","target":["https:\/\/lagvoid.com\/fr\/lagvoid-script-looper\/"]}]},{"@type":"BreadcrumbList","@id":"https:\/\/lagvoid.com\/fr\/lagvoid-script-looper\/#breadcrumb","itemListElement":[{"@type":"ListItem","position":1,"name":"Home","item":"https:\/\/lagvoid.com\/fr\/"},{"@type":"ListItem","position":2,"name":"LAGVOID &#8211; Script Looper"}]},{"@type":"WebSite","@id":"https:\/\/lagvoid.com\/#website","url":"https:\/\/lagvoid.com\/","name":"Lagvoid","description":"human play first","potentialAction":[{"@type":"SearchAction","target":{"@type":"EntryPoint","urlTemplate":"https:\/\/lagvoid.com\/?s={search_term_string}"},"query-input":{"@type":"PropertyValueSpecification","valueRequired":true,"valueName":"search_term_string"}}],"inLanguage":"fr-FR"}]}},"_links":{"self":[{"href":"https:\/\/lagvoid.com\/fr\/wp-json\/wp\/v2\/pages\/2405","targetHints":{"allow":["GET"]}}],"collection":[{"href":"https:\/\/lagvoid.com\/fr\/wp-json\/wp\/v2\/pages"}],"about":[{"href":"https:\/\/lagvoid.com\/fr\/wp-json\/wp\/v2\/types\/page"}],"author":[{"embeddable":true,"href":"https:\/\/lagvoid.com\/fr\/wp-json\/wp\/v2\/users\/5432"}],"replies":[{"embeddable":true,"href":"https:\/\/lagvoid.com\/fr\/wp-json\/wp\/v2\/comments?post=2405"}],"version-history":[{"count":3,"href":"https:\/\/lagvoid.com\/fr\/wp-json\/wp\/v2\/pages\/2405\/revisions"}],"predecessor-version":[{"id":4664,"href":"https:\/\/lagvoid.com\/fr\/wp-json\/wp\/v2\/pages\/2405\/revisions\/4664"}],"wp:attachment":[{"href":"https:\/\/lagvoid.com\/fr\/wp-json\/wp\/v2\/media?parent=2405"}],"curies":[{"name":"wp","href":"https:\/\/api.w.org\/{rel}","templated":true}]}}