{"id":2379,"date":"2015-09-01T21:21:22","date_gmt":"2015-09-01T19:21:22","guid":{"rendered":"https:\/\/lagvoid.com\/lagvoid-tutorials\/"},"modified":"2022-09-07T13:49:45","modified_gmt":"2022-09-07T11:49:45","slug":"lagvoid-tutorials","status":"publish","type":"page","link":"https:\/\/lagvoid.com\/fr\/lagvoid-tutorials\/","title":{"rendered":"LAGVOID tutorials"},"content":{"rendered":"<div class=\"wpb-content-wrapper\"><p>[vc_row][vc_column][vc_column_text]Vous trouverez ici une s\u00e9rie de tutoriaux pour apprendre \u00e0 utiliser <span id=\"lagvoid-font\">LAGVOID<\/span>.<br \/>\nLes deux premiers sont des exemples \u00e0 la guitare et au piano. Les tutoriaux 01 \u00e0 09 vous guideront en 45 mn pour utiliser les diff\u00e9rentes possibilit\u00e9s de Lagvoid: mise en route, boucles, synchronisation, sequences de commandes. Un sous titrage en fran\u00e7ais est disponible.<br \/>\nSi vous avez des questions, n&rsquo;h\u00e9sitez pas \u00e0 la poser dans la section contact.[\/vc_column_text][\/vc_column][\/vc_row][vc_row][vc_column][vc_text_separator title=\u00a0\u00bbVIDEO TUTORIALS\u00a0\u00bb i_icon_fontawesome=\u00a0\u00bbfa fa-graduation-cap\u00a0\u00bb i_color=\u00a0\u00bbcustom\u00a0\u00bb i_background_style=\u00a0\u00bbrounded\u00a0\u00bb i_background_color=\u00a0\u00bbcustom\u00a0\u00bb i_size=\u00a0\u00bbxs\u00a0\u00bb color=\u00a0\u00bbcustom\u00a0\u00bb style=\u00a0\u00bbdouble\u00a0\u00bb border_width=\u00a0\u00bb4&Prime; css_animation=\u00a0\u00bbbounceInLeft\u00a0\u00bb add_icon=\u00a0\u00bbtrue\u00a0\u00bb i_custom_color=\u00a0\u00bb#f89027&Prime; i_custom_background_color=\u00a0\u00bb#67748c\u00a0\u00bb accent_color=\u00a0\u00bb#67748c\u00a0\u00bb][vc_column_text]<div class=\"epyt-gallery\" data-currpage=\"1\" id=\"epyt_gallery_46082\"><figure class=\"wp-block-embed wp-block-embed-youtube is-type-video is-provider-youtube epyt-figure\"><div class=\"wp-block-embed__wrapper\"><div class=\"epyt-video-wrapper\"><div  id=\"_ytid_88401\"  width=\"1200\" height=\"675\"  data-origwidth=\"1200\" data-origheight=\"675\"  data-relstop=\"1\" data-facadesrc=\"https:\/\/www.youtube.com\/embed\/?enablejsapi=1&autoplay=1&cc_load_policy=0&cc_lang_pref=&iv_load_policy=1&loop=0&rel=0&fs=1&playsinline=1&autohide=2&theme=dark&color=red&controls=1&disablekb=0&\" class=\"__youtube_prefs__ epyt-facade no-lazyload\" data-epytgalleryid=\"epyt_gallery_46082\"  data-epautoplay=\"1\" ><img data-spai-excluded=\"true\" class=\"epyt-facade-poster skip-lazy\" loading=\"lazy\"  alt=\"YouTube player\"  data-facadeoembed=\"playlist?list=PLbvXChTDmqVn8s5GzyshnTz5qPJ7Z2emt\"  \/><button class=\"epyt-facade-play\" aria-label=\"Play\"><svg data-no-lazy=\"1\" height=\"100%\" version=\"1.1\" viewBox=\"0 0 68 48\" width=\"100%\"><path class=\"ytp-large-play-button-bg\" d=\"M66.52,7.74c-0.78-2.93-2.49-5.41-5.42-6.19C55.79,.13,34,0,34,0S12.21,.13,6.9,1.55 C3.97,2.33,2.27,4.81,1.48,7.74C0.06,13.05,0,24,0,24s0.06,10.95,1.48,16.26c0.78,2.93,2.49,5.41,5.42,6.19 C12.21,47.87,34,48,34,48s21.79-0.13,27.1-1.55c2.93-0.78,4.64-3.26,5.42-6.19C67.94,34.95,68,24,68,24S67.94,13.05,66.52,7.74z\" fill=\"#f00\"><\/path><path d=\"M 45,24 27,14 27,34\" fill=\"#fff\"><\/path><\/svg><\/button><\/div><\/div><\/div><\/figure><div class=\"epyt-gallery-list\"><div>Sorry, there was a YouTube error.<\/div><\/div><\/div>[\/vc_column_text][\/vc_column][\/vc_row]<\/p>\n<\/div>","protected":false},"excerpt":{"rendered":"<p>Lagvoid has been created to allow live musicians to play with machines but not to a click. videos.<\/p>\n","protected":false},"author":5433,"featured_media":1171,"parent":0,"menu_order":0,"comment_status":"closed","ping_status":"closed","template":"","meta":{"footnotes":""},"class_list":["post-2379","page","type-page","status-publish","has-post-thumbnail","hentry","description-off"],"yoast_head":"<!-- This site is optimized with the Yoast SEO plugin v26.6 - https:\/\/yoast.com\/wordpress\/plugins\/seo\/ -->\n<title>LAGVOID tutorials - Script Looper Software - Fred Malle<\/title>\n<meta name=\"description\" content=\"LAGVOID tutorials. Here you can find all video tutorials to use the Script Looper LAGVOID. If you have a questions ask ti Fred Malle.\" \/>\n<meta name=\"robots\" content=\"index, follow, max-snippet:-1, max-image-preview:large, max-video-preview:-1\" \/>\n<link rel=\"canonical\" href=\"https:\/\/lagvoid.com\/fr\/lagvoid-tutorials\/\" \/>\n<meta property=\"og:locale\" content=\"fr_FR\" \/>\n<meta property=\"og:type\" content=\"article\" \/>\n<meta property=\"og:title\" content=\"LAGVOID tutorials - Script Looper Software - Fred Malle\" \/>\n<meta property=\"og:description\" content=\"LAGVOID tutorials. Here you can find all video tutorials to use the Script Looper LAGVOID. If you have a questions ask ti Fred Malle.\" \/>\n<meta property=\"og:url\" content=\"https:\/\/lagvoid.com\/fr\/lagvoid-tutorials\/\" \/>\n<meta property=\"og:site_name\" content=\"Lagvoid\" \/>\n<meta property=\"article:modified_time\" content=\"2022-09-07T11:49:45+00:00\" \/>\n<meta property=\"og:image\" content=\"https:\/\/lagvoid.com\/wp-content\/uploads\/2015\/08\/lagvoid-lagpage-doigt-img_5889-fred-malle.jpg\" \/>\n\t<meta property=\"og:image:width\" content=\"1600\" \/>\n\t<meta property=\"og:image:height\" content=\"1131\" \/>\n\t<meta property=\"og:image:type\" content=\"image\/jpeg\" \/>\n<meta name=\"twitter:card\" content=\"summary_large_image\" \/>\n<meta name=\"twitter:label1\" content=\"Dur\u00e9e de lecture estim\u00e9e\" \/>\n\t<meta name=\"twitter:data1\" content=\"1 minute\" \/>\n<script type=\"application\/ld+json\" class=\"yoast-schema-graph\">{\"@context\":\"https:\/\/schema.org\",\"@graph\":[{\"@type\":\"WebPage\",\"@id\":\"https:\/\/lagvoid.com\/fr\/lagvoid-tutorials\/\",\"url\":\"https:\/\/lagvoid.com\/fr\/lagvoid-tutorials\/\",\"name\":\"LAGVOID tutorials - Script Looper Software - Fred Malle\",\"isPartOf\":{\"@id\":\"https:\/\/lagvoid.com\/#website\"},\"primaryImageOfPage\":{\"@id\":\"https:\/\/lagvoid.com\/fr\/lagvoid-tutorials\/#primaryimage\"},\"image\":{\"@id\":\"https:\/\/lagvoid.com\/fr\/lagvoid-tutorials\/#primaryimage\"},\"thumbnailUrl\":\"https:\/\/lagvoid.com\/wp-content\/uploads\/2015\/08\/lagvoid-lagpage-doigt-img_5889-fred-malle.jpg\",\"datePublished\":\"2015-09-01T19:21:22+00:00\",\"dateModified\":\"2022-09-07T11:49:45+00:00\",\"description\":\"LAGVOID tutorials. Here you can find all video tutorials to use the Script Looper LAGVOID. If you have a questions ask ti Fred Malle.\",\"breadcrumb\":{\"@id\":\"https:\/\/lagvoid.com\/fr\/lagvoid-tutorials\/#breadcrumb\"},\"inLanguage\":\"fr-FR\",\"potentialAction\":[{\"@type\":\"ReadAction\",\"target\":[\"https:\/\/lagvoid.com\/fr\/lagvoid-tutorials\/\"]}]},{\"@type\":\"ImageObject\",\"inLanguage\":\"fr-FR\",\"@id\":\"https:\/\/lagvoid.com\/fr\/lagvoid-tutorials\/#primaryimage\",\"url\":\"https:\/\/lagvoid.com\/wp-content\/uploads\/2015\/08\/lagvoid-lagpage-doigt-img_5889-fred-malle.jpg\",\"contentUrl\":\"https:\/\/lagvoid.com\/wp-content\/uploads\/2015\/08\/lagvoid-lagpage-doigt-img_5889-fred-malle.jpg\",\"width\":1600,\"height\":1131},{\"@type\":\"BreadcrumbList\",\"@id\":\"https:\/\/lagvoid.com\/fr\/lagvoid-tutorials\/#breadcrumb\",\"itemListElement\":[{\"@type\":\"ListItem\",\"position\":1,\"name\":\"Home\",\"item\":\"https:\/\/lagvoid.com\/fr\/\"},{\"@type\":\"ListItem\",\"position\":2,\"name\":\"LAGVOID tutorials\"}]},{\"@type\":\"WebSite\",\"@id\":\"https:\/\/lagvoid.com\/#website\",\"url\":\"https:\/\/lagvoid.com\/\",\"name\":\"Lagvoid\",\"description\":\"human play first\",\"potentialAction\":[{\"@type\":\"SearchAction\",\"target\":{\"@type\":\"EntryPoint\",\"urlTemplate\":\"https:\/\/lagvoid.com\/?s={search_term_string}\"},\"query-input\":{\"@type\":\"PropertyValueSpecification\",\"valueRequired\":true,\"valueName\":\"search_term_string\"}}],\"inLanguage\":\"fr-FR\"}]}<\/script>\n<!-- \/ Yoast SEO plugin. -->","yoast_head_json":{"title":"LAGVOID tutorials - Script Looper Software - Fred Malle","description":"LAGVOID tutorials. Here you can find all video tutorials to use the Script Looper LAGVOID. If you have a questions ask ti Fred Malle.","robots":{"index":"index","follow":"follow","max-snippet":"max-snippet:-1","max-image-preview":"max-image-preview:large","max-video-preview":"max-video-preview:-1"},"canonical":"https:\/\/lagvoid.com\/fr\/lagvoid-tutorials\/","og_locale":"fr_FR","og_type":"article","og_title":"LAGVOID tutorials - Script Looper Software - Fred Malle","og_description":"LAGVOID tutorials. Here you can find all video tutorials to use the Script Looper LAGVOID. If you have a questions ask ti Fred Malle.","og_url":"https:\/\/lagvoid.com\/fr\/lagvoid-tutorials\/","og_site_name":"Lagvoid","article_modified_time":"2022-09-07T11:49:45+00:00","og_image":[{"width":1600,"height":1131,"url":"https:\/\/lagvoid.com\/wp-content\/uploads\/2015\/08\/lagvoid-lagpage-doigt-img_5889-fred-malle.jpg","type":"image\/jpeg"}],"twitter_card":"summary_large_image","twitter_misc":{"Dur\u00e9e de lecture estim\u00e9e":"1 minute"},"schema":{"@context":"https:\/\/schema.org","@graph":[{"@type":"WebPage","@id":"https:\/\/lagvoid.com\/fr\/lagvoid-tutorials\/","url":"https:\/\/lagvoid.com\/fr\/lagvoid-tutorials\/","name":"LAGVOID tutorials - Script Looper Software - Fred Malle","isPartOf":{"@id":"https:\/\/lagvoid.com\/#website"},"primaryImageOfPage":{"@id":"https:\/\/lagvoid.com\/fr\/lagvoid-tutorials\/#primaryimage"},"image":{"@id":"https:\/\/lagvoid.com\/fr\/lagvoid-tutorials\/#primaryimage"},"thumbnailUrl":"https:\/\/lagvoid.com\/wp-content\/uploads\/2015\/08\/lagvoid-lagpage-doigt-img_5889-fred-malle.jpg","datePublished":"2015-09-01T19:21:22+00:00","dateModified":"2022-09-07T11:49:45+00:00","description":"LAGVOID tutorials. Here you can find all video tutorials to use the Script Looper LAGVOID. If you have a questions ask ti Fred Malle.","breadcrumb":{"@id":"https:\/\/lagvoid.com\/fr\/lagvoid-tutorials\/#breadcrumb"},"inLanguage":"fr-FR","potentialAction":[{"@type":"ReadAction","target":["https:\/\/lagvoid.com\/fr\/lagvoid-tutorials\/"]}]},{"@type":"ImageObject","inLanguage":"fr-FR","@id":"https:\/\/lagvoid.com\/fr\/lagvoid-tutorials\/#primaryimage","url":"https:\/\/lagvoid.com\/wp-content\/uploads\/2015\/08\/lagvoid-lagpage-doigt-img_5889-fred-malle.jpg","contentUrl":"https:\/\/lagvoid.com\/wp-content\/uploads\/2015\/08\/lagvoid-lagpage-doigt-img_5889-fred-malle.jpg","width":1600,"height":1131},{"@type":"BreadcrumbList","@id":"https:\/\/lagvoid.com\/fr\/lagvoid-tutorials\/#breadcrumb","itemListElement":[{"@type":"ListItem","position":1,"name":"Home","item":"https:\/\/lagvoid.com\/fr\/"},{"@type":"ListItem","position":2,"name":"LAGVOID tutorials"}]},{"@type":"WebSite","@id":"https:\/\/lagvoid.com\/#website","url":"https:\/\/lagvoid.com\/","name":"Lagvoid","description":"human play first","potentialAction":[{"@type":"SearchAction","target":{"@type":"EntryPoint","urlTemplate":"https:\/\/lagvoid.com\/?s={search_term_string}"},"query-input":{"@type":"PropertyValueSpecification","valueRequired":true,"valueName":"search_term_string"}}],"inLanguage":"fr-FR"}]}},"_links":{"self":[{"href":"https:\/\/lagvoid.com\/fr\/wp-json\/wp\/v2\/pages\/2379","targetHints":{"allow":["GET"]}}],"collection":[{"href":"https:\/\/lagvoid.com\/fr\/wp-json\/wp\/v2\/pages"}],"about":[{"href":"https:\/\/lagvoid.com\/fr\/wp-json\/wp\/v2\/types\/page"}],"author":[{"embeddable":true,"href":"https:\/\/lagvoid.com\/fr\/wp-json\/wp\/v2\/users\/5433"}],"replies":[{"embeddable":true,"href":"https:\/\/lagvoid.com\/fr\/wp-json\/wp\/v2\/comments?post=2379"}],"version-history":[{"count":0,"href":"https:\/\/lagvoid.com\/fr\/wp-json\/wp\/v2\/pages\/2379\/revisions"}],"wp:featuredmedia":[{"embeddable":true,"href":"https:\/\/lagvoid.com\/fr\/wp-json\/wp\/v2\/media\/1171"}],"wp:attachment":[{"href":"https:\/\/lagvoid.com\/fr\/wp-json\/wp\/v2\/media?parent=2379"}],"curies":[{"name":"wp","href":"https:\/\/api.w.org\/{rel}","templated":true}]}}