{"id":2299,"date":"2015-09-15T21:30:01","date_gmt":"2015-09-15T19:30:01","guid":{"rendered":"https:\/\/lagvoid.com\/remerciement\/"},"modified":"2019-04-30T11:37:26","modified_gmt":"2019-04-30T09:37:26","slug":"remerciement","status":"publish","type":"page","link":"https:\/\/lagvoid.com\/fr\/remerciement\/","title":{"rendered":"Remerciement"},"content":{"rendered":"<div class=\"wpb-content-wrapper\"><p>[vc_row][vc_column][vc_single_image image=\u00a0\u00bb1181&Prime; img_size=\u00a0\u00bbfull\u00a0\u00bb][vc_column_text]<strong><em>vibes, music and spirit<\/em><\/strong> Alain Poret, Gustav Trennert and Doroth\u00e9e Leveau (Doty)<br \/>\n<strong><em>L&rsquo;ide\u00e9 du nom Lagvoid <\/em><\/strong>Paolo Rudelli<br \/>\n<em><strong>Logo design et site internet<\/strong>\u00a0<\/em><a href=\"https:\/\/memoryslashvision.com\/\">Memory Slash Vision studios<\/a><br \/>\n<strong><em>Consultance Web initiale<\/em><\/strong> Marius Gavrilescu<br \/>\n<strong><em>Premeire version MacOsX<\/em><\/strong>\u00a0Yann Philippe<br \/>\n<em><strong>Certaines photos et video<\/strong><\/em> Severine Assoun &#8211; La Fotogresse<br \/>\n<strong><em>Beta test et support<\/em><\/strong> Magid Mahdi, Jacques Warnier, Stephane Higueret, Eric Delory<br \/>\nmy family[\/vc_column_text][\/vc_column][\/vc_row]<\/p>\n<\/div>","protected":false},"excerpt":{"rendered":"<p>Les personnes qui on aide ammener LAGVOID \u00e0 la r\u00e9alit\u00e9.<\/p>\n","protected":false},"author":5432,"featured_media":0,"parent":0,"menu_order":0,"comment_status":"closed","ping_status":"closed","template":"","meta":{"footnotes":""},"class_list":["post-2299","page","type-page","status-publish","hentry","description-off"],"yoast_head":"<!-- This site is optimized with the Yoast SEO plugin v26.6 - https:\/\/yoast.com\/wordpress\/plugins\/seo\/ -->\n<title>Remerciement - Lagvoid<\/title>\n<meta name=\"robots\" content=\"index, follow, max-snippet:-1, max-image-preview:large, max-video-preview:-1\" \/>\n<link rel=\"canonical\" href=\"https:\/\/lagvoid.com\/fr\/remerciement\/\" \/>\n<meta property=\"og:locale\" content=\"fr_FR\" \/>\n<meta property=\"og:type\" content=\"article\" \/>\n<meta property=\"og:title\" content=\"Remerciement - Lagvoid\" \/>\n<meta property=\"og:description\" content=\"Les personnes qui on aide ammener LAGVOID \u00e0 la r\u00e9alit\u00e9.\" \/>\n<meta property=\"og:url\" content=\"https:\/\/lagvoid.com\/fr\/remerciement\/\" \/>\n<meta property=\"og:site_name\" content=\"Lagvoid\" \/>\n<meta property=\"article:modified_time\" content=\"2019-04-30T09:37:26+00:00\" \/>\n<meta name=\"twitter:card\" content=\"summary_large_image\" \/>\n<script type=\"application\/ld+json\" class=\"yoast-schema-graph\">{\"@context\":\"https:\/\/schema.org\",\"@graph\":[{\"@type\":\"WebPage\",\"@id\":\"https:\/\/lagvoid.com\/fr\/remerciement\/\",\"url\":\"https:\/\/lagvoid.com\/fr\/remerciement\/\",\"name\":\"Remerciement - Lagvoid\",\"isPartOf\":{\"@id\":\"https:\/\/lagvoid.com\/#website\"},\"datePublished\":\"2015-09-15T19:30:01+00:00\",\"dateModified\":\"2019-04-30T09:37:26+00:00\",\"breadcrumb\":{\"@id\":\"https:\/\/lagvoid.com\/fr\/remerciement\/#breadcrumb\"},\"inLanguage\":\"fr-FR\",\"potentialAction\":[{\"@type\":\"ReadAction\",\"target\":[\"https:\/\/lagvoid.com\/fr\/remerciement\/\"]}]},{\"@type\":\"BreadcrumbList\",\"@id\":\"https:\/\/lagvoid.com\/fr\/remerciement\/#breadcrumb\",\"itemListElement\":[{\"@type\":\"ListItem\",\"position\":1,\"name\":\"Home\",\"item\":\"https:\/\/lagvoid.com\/fr\/\"},{\"@type\":\"ListItem\",\"position\":2,\"name\":\"Remerciement\"}]},{\"@type\":\"WebSite\",\"@id\":\"https:\/\/lagvoid.com\/#website\",\"url\":\"https:\/\/lagvoid.com\/\",\"name\":\"Lagvoid\",\"description\":\"human play first\",\"potentialAction\":[{\"@type\":\"SearchAction\",\"target\":{\"@type\":\"EntryPoint\",\"urlTemplate\":\"https:\/\/lagvoid.com\/?s={search_term_string}\"},\"query-input\":{\"@type\":\"PropertyValueSpecification\",\"valueRequired\":true,\"valueName\":\"search_term_string\"}}],\"inLanguage\":\"fr-FR\"}]}<\/script>\n<!-- \/ Yoast SEO plugin. -->","yoast_head_json":{"title":"Remerciement - Lagvoid","robots":{"index":"index","follow":"follow","max-snippet":"max-snippet:-1","max-image-preview":"max-image-preview:large","max-video-preview":"max-video-preview:-1"},"canonical":"https:\/\/lagvoid.com\/fr\/remerciement\/","og_locale":"fr_FR","og_type":"article","og_title":"Remerciement - Lagvoid","og_description":"Les personnes qui on aide ammener LAGVOID \u00e0 la r\u00e9alit\u00e9.","og_url":"https:\/\/lagvoid.com\/fr\/remerciement\/","og_site_name":"Lagvoid","article_modified_time":"2019-04-30T09:37:26+00:00","twitter_card":"summary_large_image","schema":{"@context":"https:\/\/schema.org","@graph":[{"@type":"WebPage","@id":"https:\/\/lagvoid.com\/fr\/remerciement\/","url":"https:\/\/lagvoid.com\/fr\/remerciement\/","name":"Remerciement - Lagvoid","isPartOf":{"@id":"https:\/\/lagvoid.com\/#website"},"datePublished":"2015-09-15T19:30:01+00:00","dateModified":"2019-04-30T09:37:26+00:00","breadcrumb":{"@id":"https:\/\/lagvoid.com\/fr\/remerciement\/#breadcrumb"},"inLanguage":"fr-FR","potentialAction":[{"@type":"ReadAction","target":["https:\/\/lagvoid.com\/fr\/remerciement\/"]}]},{"@type":"BreadcrumbList","@id":"https:\/\/lagvoid.com\/fr\/remerciement\/#breadcrumb","itemListElement":[{"@type":"ListItem","position":1,"name":"Home","item":"https:\/\/lagvoid.com\/fr\/"},{"@type":"ListItem","position":2,"name":"Remerciement"}]},{"@type":"WebSite","@id":"https:\/\/lagvoid.com\/#website","url":"https:\/\/lagvoid.com\/","name":"Lagvoid","description":"human play first","potentialAction":[{"@type":"SearchAction","target":{"@type":"EntryPoint","urlTemplate":"https:\/\/lagvoid.com\/?s={search_term_string}"},"query-input":{"@type":"PropertyValueSpecification","valueRequired":true,"valueName":"search_term_string"}}],"inLanguage":"fr-FR"}]}},"_links":{"self":[{"href":"https:\/\/lagvoid.com\/fr\/wp-json\/wp\/v2\/pages\/2299","targetHints":{"allow":["GET"]}}],"collection":[{"href":"https:\/\/lagvoid.com\/fr\/wp-json\/wp\/v2\/pages"}],"about":[{"href":"https:\/\/lagvoid.com\/fr\/wp-json\/wp\/v2\/types\/page"}],"author":[{"embeddable":true,"href":"https:\/\/lagvoid.com\/fr\/wp-json\/wp\/v2\/users\/5432"}],"replies":[{"embeddable":true,"href":"https:\/\/lagvoid.com\/fr\/wp-json\/wp\/v2\/comments?post=2299"}],"version-history":[{"count":0,"href":"https:\/\/lagvoid.com\/fr\/wp-json\/wp\/v2\/pages\/2299\/revisions"}],"wp:attachment":[{"href":"https:\/\/lagvoid.com\/fr\/wp-json\/wp\/v2\/media?parent=2299"}],"curies":[{"name":"wp","href":"https:\/\/api.w.org\/{rel}","templated":true}]}}